{"id":71028,"date":"2020-03-02T23:33:27","date_gmt":"2020-03-02T23:33:27","guid":{"rendered":"https:\/\/northern-cyprus-property.com\/sorgulama-formu\/"},"modified":"2026-04-29T16:03:03","modified_gmt":"2026-04-29T16:03:03","slug":"sorgulama-formu","status":"publish","type":"page","link":"https:\/\/northern-cyprus-property.com\/tr\/sorgulama-formu\/","title":{"rendered":"Sorgulama Formu"},"content":{"rendered":"\t\t<div data-elementor-type=\"wp-page\" data-elementor-id=\"71028\" class=\"elementor elementor-71028 elementor-17149\">\n\t\t\t\t\t\t<section class=\"elementor-section elementor-top-section elementor-element elementor-element-5ec2734 elementor-section-boxed elementor-section-height-default elementor-section-height-default\" data-id=\"5ec2734\" data-element_type=\"section\" data-e-type=\"section\" data-settings=\"{&quot;background_background&quot;:&quot;classic&quot;}\">\n\t\t\t\t\t\t\t<div class=\"elementor-background-overlay\"><\/div>\n\t\t\t\t\t\t\t<div class=\"elementor-container elementor-column-gap-default\">\n\t\t\t\t\t<div class=\"elementor-column elementor-col-100 elementor-top-column elementor-element elementor-element-e1bd41f\" data-id=\"e1bd41f\" data-element_type=\"column\" data-e-type=\"column\">\n\t\t\t<div class=\"elementor-widget-wrap elementor-element-populated\">\n\t\t\t\t\t\t<div class=\"elementor-element elementor-element-49cbafe elementor-widget elementor-widget-houzez_elementor_space\" data-id=\"49cbafe\" data-element_type=\"widget\" data-e-type=\"widget\" data-widget_type=\"houzez_elementor_space.default\">\n\t\t\t\t<div class=\"elementor-widget-container\">\n\t\t\t\t\t        <div class=\"houzez-spacer\">\n            <div class=\"houzez-spacer-inner\"><\/div>\n        <\/div>\n        \t\t\t\t<\/div>\n\t\t\t\t<\/div>\n\t\t\t\t<section class=\"elementor-section elementor-inner-section elementor-element elementor-element-6efd58c animated-slow elementor-section-boxed elementor-section-height-default elementor-section-height-default elementor-invisible\" data-id=\"6efd58c\" data-element_type=\"section\" data-e-type=\"section\" data-settings=\"{&quot;background_background&quot;:&quot;classic&quot;,&quot;animation&quot;:&quot;fadeIn&quot;}\">\n\t\t\t\t\t\t<div class=\"elementor-container elementor-column-gap-no\">\n\t\t\t\t\t<div class=\"elementor-column elementor-col-100 elementor-inner-column elementor-element elementor-element-856004d\" data-id=\"856004d\" data-element_type=\"column\" data-e-type=\"column\">\n\t\t\t<div class=\"elementor-widget-wrap elementor-element-populated\">\n\t\t\t\t\t\t<div class=\"elementor-element elementor-element-8ff1404 elementor-widget elementor-widget-text-editor\" data-id=\"8ff1404\" data-element_type=\"widget\" data-e-type=\"widget\" data-widget_type=\"text-editor.default\">\n\t\t\t\t<div class=\"elementor-widget-container\">\n\t\t\t\t\t\t\t\t\t<h3>Kuzey K\u0131br\u0131s&#8217;ta Uzman Gayrimenkul De\u011ferleme | Do\u011fru bir piyasa de\u011ferlendirmesi al\u0131n<\/h3><p>Kuzey K\u0131br\u0131s yat\u0131r\u0131m\u0131n\u0131z\u0131n ger\u00e7ek de\u011ferini ke\u015ffedin. Sertifikal\u0131 uzmanlar\u0131m\u0131z, Kyrenia, Famagusta ve \u0130skele genelinde sat\u0131\u015f, kiralama ve yasal gereksinimler i\u00e7in kesin gayrimenkul de\u011ferlemeleri sa\u011flar. <\/p>\t\t\t\t\t\t\t\t<\/div>\n\t\t\t\t<\/div>\n\t\t\t\t<div class=\"elementor-element elementor-element-42f882c elementor-button-align-stretch elementor-widget elementor-widget-houzez_elementor_inquiry_form\" data-id=\"42f882c\" data-element_type=\"widget\" data-e-type=\"widget\" data-widget_type=\"houzez_elementor_inquiry_form.default\">\n\t\t\t\t<div class=\"elementor-widget-container\">\n\t\t\t\t\t\n        <script type=\"application\/javascript\">\n            jQuery(document).bind(\"ready\", function () {\n                houzezValidateElementor(\"#houzez-form-42f882c\" );\n            });\n        <\/script>\n\n\n        <form class=\"elementor-form houzez-ele-form-js\" id=\"houzez-form-42f882c\" method=\"post\" name=\"Yeni Form\" action=\"https:\/\/northern-cyprus-property.com\/wp-admin\/admin-ajax.php\">\n            <input type=\"hidden\" name=\"form_id\" value=\"42f882c\"\/>\n            <input type=\"hidden\" name=\"action\" value=\"houzez_ele_inquiry_form\" \/>\n            <input type=\"hidden\" name=\"source_link\" value=\"https:\/\/northern-cyprus-property.com\/tr\/sorgulama-formu\/\" \/>\n            <input type=\"hidden\" name=\"lead_page_id\" value=\"71028\" \/>\n            <input type=\"hidden\" name=\"is_estimation\" value=\"yes\" \/>\n            <input type=\"hidden\" name=\"webhook\" value=\"false\" \/>\n            <input type=\"hidden\" name=\"webhook_url\" value=\"\" \/>\n            <input type=\"hidden\" name=\"redirect_to\" value=\"\" \/>\n            <input type=\"hidden\" name=\"email_subject\" value=\"Sorgulama Sayfas\u0131ndan yeni mesaj\" \/>\n            <input type=\"hidden\" name=\"google_recaptcha\" value=\"yes\" \/>\n\n            <div class=\"elementor-form-fields-wrapper elementor-labels-above\">\n\n                                    <div class=\"elementor-field-group elementor-column form-group elementor-field-group-ba6c34c elementor-col-100 elementor-field-required\">\n                    <label for=\"form-field-ba6c34c\" class=\"form-label elementor-field-label\">Sorgulama T\u00fcr\u00fc<\/label>        <div class=\"elementor-field elementor-select-wrapper\">\n            <select name=\"enquiry_type\" id=\"form-field-ba6c34c\" class=\"elementor-field-textual form-control elementor-size-md\" required=\"required\" title=\"* Sorgulama T\u00fcr\u00fc\">\n                <option value=\"\">Se\u00e7iniz<\/option><option value=\"Purchase\">Purchase<\/value><option value=\"Rent\"> Rent<\/value><option value=\"Sell\"> Sell<\/value><option value=\"Miss\"> Miss<\/value><option value=\"Evaluation\"> Evaluation<\/value><option value=\"Mortgage\"> Mortgage<\/value>            <\/select>\n        <\/div>\n                            <\/div>\n\n                                        <div class=\"elementor-field-group elementor-column form-group elementor-field-group-b7fe77d elementor-col-100 elementor-field-required\">\n                    <label for=\"form-field-b7fe77d\" class=\"form-label elementor-field-label\">Bilgi<\/label>        <div class=\"elementor-field elementor-select-wrapper\">\n            <select name=\"user_type\" id=\"form-field-b7fe77d\" class=\"elementor-field-textual form-control elementor-size-md\" required=\"required\" title=\"* Bilgi\">\n                <option value=\"\">Ben bir  <\/option><option value=\"Ben bir emlak\u00e7\u0131y\u0131m\">Ben bir emlak\u00e7\u0131y\u0131m<\/option><option value=\"Ben bir m\u00fclk sahibiyim\">Ben bir m\u00fclk sahibiyim<\/option>            <\/select>\n        <\/div>\n                            <\/div>\n\n                                        <div class=\"elementor-field-group elementor-column form-group elementor-field-group-cc6b92f elementor-col-50 elementor-field-required\">\n                    <input type=\"text\" name=\"first_name\" id=\"form-field-cc6b92f\" class=\"elementor-field form-control elementor-size-md elementor-field-textual\" placeholder=\"\u0130lk \u0130sim\" title=\"* \u0130lk \u0130sim\" required=\"required\">                    <\/div>\n\n                                        <div class=\"elementor-field-group elementor-column form-group elementor-field-group-3cc124e elementor-col-50\">\n                    <input type=\"text\" name=\"last_name\" id=\"form-field-3cc124e\" class=\"elementor-field form-control elementor-size-md elementor-field-textual\" placeholder=\"Soyad\u0131\" title=\"* Soyad\u0131\">                    <\/div>\n\n                                        <div class=\"elementor-field-group elementor-column form-group elementor-field-group-932d82c elementor-col-50 elementor-field-required\">\n                    <input type=\"email\" name=\"email\" id=\"form-field-932d82c\" class=\"elementor-field form-control elementor-size-md elementor-field-textual\" placeholder=\"E-posta Adresi\" title=\"* E-posta Adresi\" required=\"required\">                    <\/div>\n\n                                        <div class=\"elementor-field-group elementor-column form-group elementor-field-group-304b68f elementor-col-50 elementor-field-required\">\n                    <input type=\"text\" name=\"mobile\" id=\"form-field-304b68f\" class=\"elementor-field form-control elementor-size-md elementor-field-textual\" placeholder=\"Mobil\" title=\"* Mobil\" required=\"required\">                    <\/div>\n\n                                        <div class=\"elementor-field-group elementor-column form-group elementor-field-group-bf1d035 elementor-col-33 elementor-field-required\">\n                    <label for=\"form-field-bf1d035\" class=\"form-label elementor-field-label\">Konum<\/label>        <div class=\"elementor-field elementor-select-wrapper\">\n            <select name=\"e_meta[city]\" id=\"form-field-bf1d035\" class=\"elementor-field-textual form-control elementor-size-md\" required=\"required\" title=\"* Konum\">\n                <option value=\"\">\u015eehir Se\u00e7iniz<\/option><option data-ref=\"gazimagusa\" data-belong=\"\" value=\"gazimagusa\"> Gazima\u011fusa<\/option><option data-ref=\"girne\" data-belong=\"\" value=\"girne\"> Girne<\/option>            <\/select>\n        <\/div>\n                            <\/div>\n\n                                        <div class=\"elementor-field-group elementor-column form-group elementor-field-group-d2cd125 elementor-col-33 elementor-field-required\">\n                    <label for=\"form-field-d2cd125\" class=\"form-label elementor-field-label\">&nbsp;<\/label>        <div class=\"elementor-field elementor-select-wrapper\">\n            <select name=\"e_meta[area]\" id=\"form-field-d2cd125\" class=\"elementor-field-textual form-control elementor-size-md\" required=\"required\" title=\"* Alan Se\u00e7iniz\">\n                <option value=\"\">Alan Se\u00e7iniz<\/option><option data-ref=\"alagadi\" data-belong=\"\" value=\"alagadi\"> Alagadi<\/option><option data-ref=\"alsancak\" data-belong=\"\" value=\"alsancak\"> Alsancak<\/option><option data-ref=\"camlibel\" data-belong=\"\" value=\"camlibel\"> Camlibel<\/option><option data-ref=\"catalkoy\" data-belong=\"\" value=\"catalkoy\"> \u00c7atalk\u00f6y<\/option><option data-ref=\"edremit\" data-belong=\"\" value=\"edremit\"> Edremit<\/option><option data-ref=\"esentepe\" data-belong=\"\" value=\"esentepe\"> Esentepe<\/option><option data-ref=\"girne-merkez\" data-belong=\"\" value=\"girne-merkez\"> Girne Merkez<\/option><option data-ref=\"karsiyaka\" data-belong=\"\" value=\"karsiyaka\"> Kar\u015f\u0131yaka<\/option><option data-ref=\"kayalar\" data-belong=\"\" value=\"kayalar\"> Kayalar<\/option><option data-ref=\"lapta\" data-belong=\"\" value=\"lapta\"> Lapta<\/option><option data-ref=\"ozankoy\" data-belong=\"\" value=\"ozankoy\"> Ozank\u00f6y<\/option><option data-ref=\"tatlisu\" data-belong=\"\" value=\"tatlisu\"> Tatlisu<\/option><option data-ref=\"yeni-bogazici-tr\" data-belong=\"gazimagusa\" value=\"yeni-bogazici-tr\"> Yeni Bo\u011fazi\u00e7i<\/option><option data-ref=\"yesiltepe\" data-belong=\"\" value=\"yesiltepe\"> Ye\u015filtepe<\/option><option data-ref=\"zeytinlik\" data-belong=\"\" value=\"zeytinlik\"> Zeytinlik<\/option>            <\/select>\n        <\/div>\n                            <\/div>\n\n                                        <div class=\"elementor-field-group elementor-column form-group elementor-field-group-f0ee6fc elementor-col-33 elementor-field-required\">\n                    <label for=\"form-field-f0ee6fc\" class=\"form-label elementor-field-label\">&nbsp;<\/label><input type=\"text\" name=\"e_meta[zipcode]\" id=\"form-field-f0ee6fc\" class=\"elementor-field form-control elementor-size-md elementor-field-textual\" placeholder=\"Posta Kodu\" title=\"* Posta Kodu\" required=\"required\">                    <\/div>\n\n                                        <div class=\"elementor-field-group elementor-column form-group elementor-field-group-3180222 elementor-col-100 elementor-field-required\">\n                    <label for=\"form-field-3180222\" class=\"form-label elementor-field-label\">M\u00fclkiyet<\/label>        <div class=\"elementor-field elementor-select-wrapper\">\n            <select name=\"e_meta[property_type]\" id=\"form-field-3180222\" class=\"elementor-field-textual form-control elementor-size-md\" required=\"required\" title=\"* M\u00fclkiyet\">\n                <option value=\"\">Tip se\u00e7in<\/option><option value=\"apartmanlar\"> Apartmanlar<\/option><option value=\"arazi\"> Arazi<\/option><option value=\"bungalovlar\"> Bungalovlar<\/option><option value=\"cati-kati\"> \u00c7at\u0131 kat\u0131<\/option><option value=\"plan-disi\"> Plan d\u0131\u015f\u0131<\/option><option value=\"sehir-evi\"> \u015eehir Evi<\/option><option value=\"studyo-daire\"> St\u00fcdyo Daire<\/option><option value=\"villalar\"> Villalar<\/option><option value=\"yeni-yapim\"> Yeni Yap\u0131m<\/option>            <\/select>\n        <\/div>\n                            <\/div>\n\n                                        <div class=\"elementor-field-group elementor-column form-group elementor-field-group-66cc0de elementor-col-50 elementor-field-required\">\n                    <input type=\"number\" name=\"e_meta[beds]\" id=\"form-field-66cc0de\" class=\"elementor-field form-control elementor-size-md elementor-field-textual\" placeholder=\"Yatak say\u0131s\u0131\" title=\"* Yatak say\u0131s\u0131\" required=\"required\" min=\"0\">                    <\/div>\n\n                                        <div class=\"elementor-field-group elementor-column form-group elementor-field-group-dea086f elementor-col-50 elementor-field-required\">\n                    <input type=\"number\" name=\"e_meta[baths]\" id=\"form-field-dea086f\" class=\"elementor-field form-control elementor-size-md elementor-field-textual\" placeholder=\"Banyo say\u0131s\u0131\" title=\"* Banyo say\u0131s\u0131\" required=\"required\" min=\"0\">                    <\/div>\n\n                                        <div class=\"elementor-field-group elementor-column form-group elementor-field-group-95c61a9 elementor-col-100\">\n                    <label for=\"form-field-95c61a9\" class=\"form-label elementor-field-label\">Mesaj<\/label><textarea class=\"elementor-field-textual elementor-field elementor-size-md\" name=\"message\" id=\"form-field-95c61a9\" rows=\"4\"><\/textarea>                    <\/div>\n\n                    \n                    \n                                        <div class=\"form-group elementor-field-group elementor-col-100\">\n                        <label class=\"control control--checkbox m-0 \">\n                                                        <input required type=\"checkbox\" name=\"gdpr_agreement\" id=\"gdpr_agreement\" aria-required=\"true\">\n                            <span class=\"control__indicator\"><\/span>\n                                                        <div class=\"gdpr-text-wrap\">\n                            Bu web sitesinin g\u00f6nderilen bilgilerimi saklamas\u0131na izin veriyorum                            <\/div>\n                            \n                        <\/label>\n                    <\/div><!-- form-group -->\n                    \n                    \n                                        <div class=\"elementor-field-group\">\n                                            <\/div>\n                    \n                    <div class=\"elementor-field-group elementor-column elementor-field-type-submit elementor-col-100\">\n                    <button type=\"submit\" class=\"houzez-submit-button houzez-contact-form-js elementor-button elementor-size-md\">\n                        <i class=\"houzez-loader-js houzez-hidden spinner-border spinner-border-sm\"><\/i>\n                                                    G\u00f6nder                                            <\/button>\n                <\/div>\n            <\/div><!-- End wrapper-->\n            <br\/>\n            <div class=\"ele-form-messages\"><\/div>\n            <div class=\"error-container\"><\/div>\n\n        <input\n                    class=\"apbct_special_field apbct_email_id__elementor_form\"\n                    name=\"apbct__email_id__elementor_form\"\n                    aria-label=\"apbct__label_id__elementor_form\"\n                    type=\"text\" size=\"30\" maxlength=\"200\" autocomplete=\"off\"\n                    value=\"\"\n                \/><\/form>\n\n    \t\t\t\t<\/div>\n\t\t\t\t<\/div>\n\t\t\t\t\t<\/div>\n\t\t<\/div>\n\t\t\t\t\t<\/div>\n\t\t<\/section>\n\t\t\t\t<div class=\"elementor-element elementor-element-eb5dd10 elementor-widget elementor-widget-spacer\" data-id=\"eb5dd10\" data-element_type=\"widget\" data-e-type=\"widget\" data-widget_type=\"spacer.default\">\n\t\t\t\t<div class=\"elementor-widget-container\">\n\t\t\t\t\t\t\t<div class=\"elementor-spacer\">\n\t\t\t<div class=\"elementor-spacer-inner\"><\/div>\n\t\t<\/div>\n\t\t\t\t\t\t<\/div>\n\t\t\t\t<\/div>\n\t\t\t\t\t<\/div>\n\t\t<\/div>\n\t\t\t\t\t<\/div>\n\t\t<\/section>\n\t\t<div class=\"elementor-element elementor-element-550e1fc e-flex e-con-boxed e-con e-parent\" data-id=\"550e1fc\" data-element_type=\"container\" data-e-type=\"container\">\n\t\t\t\t\t<div class=\"e-con-inner\">\n\t\t\t\t<div class=\"elementor-element elementor-element-459b090 elementor-widget elementor-widget-text-editor\" data-id=\"459b090\" data-element_type=\"widget\" data-e-type=\"widget\" data-widget_type=\"text-editor.default\">\n\t\t\t\t<div class=\"elementor-widget-container\">\n\t\t\t\t\t\t\t\t\t<h2 data-sfc-root=\"c\" data-hveid=\"CAEIBBAA\" data-complete=\"true\" data-processed=\"true\">Kyrenia gayrimenkul fiyatlar\u0131, Iskele kira getirileri, Kuzey K\u0131br\u0131s yat\u0131r\u0131m de\u011feri 2026.<\/h2><div class=\"Y3BBE\" data-sfc-cp=\"\" data-sfc-root=\"c\" data-sfc-cb=\"\" data-hveid=\"CAEIBBAA\" data-complete=\"true\" data-processed=\"true\">Yat\u0131r\u0131m potansiyelinizi profesyonel bir Kuzey K\u0131br\u0131s gayrimenkul de\u011ferleme ile en \u00fcst d\u00fczeye \u00e7\u0131kar\u0131n.<\/div><div class=\"Y3BBE\" data-sfc-cp=\"\" data-sfc-root=\"c\" data-sfc-cb=\"\" data-hveid=\"CAEIBBAA\" data-complete=\"true\" data-processed=\"true\">\u0130ster satmak, ister yeniden finansman etmek, ister kira getirileri de\u011ferlendirmek istiyorsan\u0131z, mevcut piyasa trendlerini anlamak \u00e7ok \u00f6nemlidir.<\/div><div class=\"Y3BBE\" data-sfc-cp=\"\" data-sfc-root=\"c\" data-sfc-cb=\"\" data-hveid=\"CAEIBBAA\" data-complete=\"true\" data-processed=\"true\"> <\/div><div class=\"Y3BBE\" data-sfc-cp=\"\" data-sfc-root=\"c\" data-sfc-cb=\"\" data-hveid=\"CAEIBRAA\" data-complete=\"true\" data-processed=\"true\">Yerel de\u011ferleme hizmetlerimiz \u015funlar\u0131 kapsar:<\/div><ul class=\"KsbFXc U6u95\" data-sfc-root=\"c\" data-sfc-cb=\"\" data-complete=\"true\" data-processed=\"true\"><li class=\"dF3vjf\" data-sfc-root=\"c\" data-sfc-cb=\"\" data-hveid=\"CAEIBhAA\" data-complete=\"true\" data-sae=\"\"><span class=\"T286Pc\" data-sfc-cp=\"\" data-sfc-root=\"c\" data-sfc-cb=\"\" data-complete=\"true\"><strong class=\"Yjhzub\" data-sfc-root=\"c\" data-sfc-cb=\"\" data-complete=\"true\">Ger\u00e7ek\u00e7i Piyasa Analizi:<\/strong> Son kar\u015f\u0131la\u015ft\u0131r\u0131labilir sat\u0131\u015flara dayanan veri odakl\u0131 i\u00e7g\u00f6r\u00fcler.<\/span><\/li><li class=\"dF3vjf\" data-sfc-root=\"c\" data-sfc-cb=\"\" data-hveid=\"CAEIBhAB\" data-complete=\"true\" data-sae=\"\"><span class=\"T286Pc\" data-sfc-cp=\"\" data-sfc-root=\"c\" data-sfc-cb=\"\" data-complete=\"true\"><strong class=\"Yjhzub\" data-sfc-root=\"c\" data-sfc-cb=\"\" data-complete=\"true\">Kapsaml\u0131 Raporlar:<\/strong> Banka kredisi, finansal raporlama ve mahkeme davalar\u0131 i\u00e7in sertifikal\u0131 de\u011ferlemeler.<\/span><\/li><li class=\"dF3vjf\" data-sfc-root=\"c\" data-sfc-cb=\"\" data-hveid=\"CAEIBhAC\" data-complete=\"true\" data-sae=\"\"><span class=\"T286Pc\" data-sfc-cp=\"\" data-sfc-root=\"c\" data-sfc-cb=\"\" data-complete=\"true\" aria-owns=\"action-menu-parent-container\"><strong class=\"Yjhzub\" data-sfc-root=\"c\" data-sfc-cb=\"\" data-complete=\"true\">Yat\u0131r\u0131m Rehberli\u011fi:<\/strong> Kuzey K\u0131br\u0131s ile di\u011fer Akdeniz destinasyonlar\u0131 aras\u0131ndaki &#8220;de\u011fer fark\u0131&#8221; konusunda uzman tavsiyesi.<\/span><\/li><\/ul>\t\t\t\t\t\t\t\t<\/div>\n\t\t\t\t<\/div>\n\t\t\t\t\t<\/div>\n\t\t\t\t<\/div>\n\t\t\t\t<\/div>\n\t\t","protected":false},"excerpt":{"rendered":"<p>Kuzey K\u0131br\u0131s&#8217;ta Uzman Gayrimenkul De\u011ferleme | Do\u011fru bir piyasa de\u011ferlendirmesi al\u0131n Kuzey K\u0131br\u0131s yat\u0131r\u0131m\u0131n\u0131z\u0131n ger\u00e7ek de\u011ferini ke\u015ffedin. Sertifikal\u0131 uzmanlar\u0131m\u0131z, Kyrenia, Famagusta ve \u0130skele genelinde sat\u0131\u015f, kiralama ve yasal gereksinimler i\u00e7in kesin gayrimenkul de\u011ferlemeleri sa\u011flar. Sorgulama T\u00fcr\u00fc Se\u00e7inizPurchase Rent Sell Miss Evaluation Mortgage Bilgi Ben bir Ben bir emlak\u00e7\u0131y\u0131mBen bir m\u00fclk sahibiyim Konum \u015eehir Se\u00e7iniz Famagusta [&hellip;]<\/p>\n","protected":false},"author":1,"featured_media":0,"parent":0,"menu_order":0,"comment_status":"closed","ping_status":"closed","template":"template\/template-homepage.php","meta":{"footnotes":""},"class_list":["post-71028","page","type-page","status-publish","hentry"],"_links":{"self":[{"href":"https:\/\/northern-cyprus-property.com\/tr\/wp-json\/wp\/v2\/pages\/71028","targetHints":{"allow":["GET"]}}],"collection":[{"href":"https:\/\/northern-cyprus-property.com\/tr\/wp-json\/wp\/v2\/pages"}],"about":[{"href":"https:\/\/northern-cyprus-property.com\/tr\/wp-json\/wp\/v2\/types\/page"}],"author":[{"embeddable":true,"href":"https:\/\/northern-cyprus-property.com\/tr\/wp-json\/wp\/v2\/users\/1"}],"replies":[{"embeddable":true,"href":"https:\/\/northern-cyprus-property.com\/tr\/wp-json\/wp\/v2\/comments?post=71028"}],"version-history":[{"count":2,"href":"https:\/\/northern-cyprus-property.com\/tr\/wp-json\/wp\/v2\/pages\/71028\/revisions"}],"predecessor-version":[{"id":117476,"href":"https:\/\/northern-cyprus-property.com\/tr\/wp-json\/wp\/v2\/pages\/71028\/revisions\/117476"}],"wp:attachment":[{"href":"https:\/\/northern-cyprus-property.com\/tr\/wp-json\/wp\/v2\/media?parent=71028"}],"curies":[{"name":"wp","href":"https:\/\/api.w.org\/{rel}","templated":true}]}}