{"id":71004,"date":"2021-04-12T19:10:01","date_gmt":"2021-04-12T19:10:01","guid":{"rendered":"https:\/\/northern-cyprus-property.com\/hizmetler\/"},"modified":"2026-04-08T18:56:48","modified_gmt":"2026-04-08T18:56:48","slug":"hizmetler","status":"publish","type":"page","link":"https:\/\/northern-cyprus-property.com\/tr\/hizmetler\/","title":{"rendered":"M\u00fclk Y\u00f6netimi"},"content":{"rendered":"\t\t<div data-elementor-type=\"wp-page\" data-elementor-id=\"71004\" class=\"elementor elementor-71004 elementor-17635\">\n\t\t\t\t\t\t<section class=\"elementor-section elementor-top-section elementor-element elementor-element-0e0d57e elementor-section-boxed elementor-section-height-default elementor-section-height-default\" data-id=\"0e0d57e\" data-element_type=\"section\" data-e-type=\"section\" data-settings=\"{&quot;background_background&quot;:&quot;gradient&quot;}\">\n\t\t\t\t\t\t<div class=\"elementor-container elementor-column-gap-default\">\n\t\t\t\t\t<div class=\"elementor-column elementor-col-100 elementor-top-column elementor-element elementor-element-003478e\" data-id=\"003478e\" data-element_type=\"column\" data-e-type=\"column\">\n\t\t\t<div class=\"elementor-widget-wrap elementor-element-populated\">\n\t\t\t\t\t\t<section class=\"elementor-section elementor-inner-section elementor-element elementor-element-ff961e4 elementor-section-boxed elementor-section-height-default elementor-section-height-default\" data-id=\"ff961e4\" data-element_type=\"section\" data-e-type=\"section\">\n\t\t\t\t\t\t<div class=\"elementor-container elementor-column-gap-default\">\n\t\t\t\t\t<div class=\"elementor-column elementor-col-50 elementor-inner-column elementor-element elementor-element-9180286\" data-id=\"9180286\" data-element_type=\"column\" data-e-type=\"column\">\n\t\t\t<div class=\"elementor-widget-wrap elementor-element-populated\">\n\t\t\t\t\t\t<div class=\"elementor-element elementor-element-4b60918 elementor-invisible elementor-widget elementor-widget-heading\" data-id=\"4b60918\" data-element_type=\"widget\" data-e-type=\"widget\" data-settings=\"{&quot;_animation&quot;:&quot;fadeIn&quot;}\" data-widget_type=\"heading.default\">\n\t\t\t\t<div class=\"elementor-widget-container\">\n\t\t\t\t\t<h2 class=\"elementor-heading-title elementor-size-default\">M\u00fclk y\u00f6netiminde 1 numara Kuzey K\u0131br\u0131s'\u0131n liderleri<\/h2>\t\t\t\t<\/div>\n\t\t\t\t<\/div>\n\t\t\t\t<div class=\"elementor-element elementor-element-f3457d1 elementor-invisible elementor-widget elementor-widget-text-editor\" data-id=\"f3457d1\" data-element_type=\"widget\" data-e-type=\"widget\" data-settings=\"{&quot;_animation&quot;:&quot;fadeIn&quot;,&quot;_animation_delay&quot;:200}\" data-widget_type=\"text-editor.default\">\n\t\t\t\t<div class=\"elementor-widget-container\">\n\t\t\t\t\t\t\t\t\t<p>Kuzey K\u0131br\u0131s&#8217;ta uzman m\u00fclk y\u00f6netimi hizmetleri i\u00e7in, t\u00fcm ihtiya\u00e7lar\u0131n\u0131z\u0131 hassasiyet ve \u00f6zenle kar\u015f\u0131layacak ekibimize g\u00fcvenin. M\u00fclk yat\u0131r\u0131mlar\u0131n\u0131z\u0131n de\u011ferini ve verimlili\u011fini en \u00fcst d\u00fczeye \u00e7\u0131karmak i\u00e7in \u00f6zel olarak tasarlanm\u0131\u015f kapsaml\u0131 \u00e7\u00f6z\u00fcmler sunma konusunda uzman\u0131z. <\/p><p>\u0130ster kiralama y\u00f6netimi, bak\u0131m hizmetleri, AIRBNB kiralama veya tatil ama\u00e7l\u0131 kiralama ar\u0131yor olun, \u00f6zel profesyonellerimiz Kuzey K\u0131br\u0131s&#8217;ta huzurunuzu ve m\u00fclk ba\u015far\u0131n\u0131z\u0131 sa\u011flamak i\u00e7in buradalar.<\/p>\t\t\t\t\t\t\t\t<\/div>\n\t\t\t\t<\/div>\n\t\t\t\t<div class=\"elementor-element elementor-element-ed6c3ef elementor-widget elementor-widget-spacer\" data-id=\"ed6c3ef\" data-element_type=\"widget\" data-e-type=\"widget\" data-widget_type=\"spacer.default\">\n\t\t\t\t<div class=\"elementor-widget-container\">\n\t\t\t\t\t\t\t<div class=\"elementor-spacer\">\n\t\t\t<div class=\"elementor-spacer-inner\"><\/div>\n\t\t<\/div>\n\t\t\t\t\t\t<\/div>\n\t\t\t\t<\/div>\n\t\t\t\t<div class=\"elementor-element elementor-element-82656b1 elementor-star-rating-mobile--align-center elementor--star-style-star_fontawesome elementor-invisible elementor-widget elementor-widget-star-rating\" data-id=\"82656b1\" data-element_type=\"widget\" data-e-type=\"widget\" data-settings=\"{&quot;_animation&quot;:&quot;fadeIn&quot;,&quot;_animation_delay&quot;:800}\" data-widget_type=\"star-rating.default\">\n\t\t\t\t<div class=\"elementor-widget-container\">\n\t\t\t\t\t\t\t<div class=\"elementor-star-rating__wrapper\">\n\t\t\t\t\t\t<div class=\"elementor-star-rating\" itemtype=\"http:\/\/schema.org\/Rating\" itemscope=\"\" itemprop=\"reviewRating\">\n\t\t\t\t<i class=\"elementor-star-full\" aria-hidden=\"true\">&#xE934;<\/i><i class=\"elementor-star-full\" aria-hidden=\"true\">&#xE934;<\/i><i class=\"elementor-star-full\" aria-hidden=\"true\">&#xE934;<\/i><i class=\"elementor-star-full\" aria-hidden=\"true\">&#xE934;<\/i><i class=\"elementor-star-full\" aria-hidden=\"true\">&#xE934;<\/i>\t\t\t\t<span itemprop=\"ratingValue\" class=\"elementor-screen-only\">5 \/ 5 \u00fczerinden de\u011ferlendirildi<\/span>\n\t\t\t<\/div>\n\t\t<\/div>\n\t\t\t\t\t\t<\/div>\n\t\t\t\t<\/div>\n\t\t\t\t<div class=\"elementor-element elementor-element-82412e1 elementor-hidden-desktop elementor-hidden-tablet elementor-invisible elementor-widget elementor-widget-testimonial\" data-id=\"82412e1\" data-element_type=\"widget\" data-e-type=\"widget\" data-settings=\"{&quot;_animation&quot;:&quot;fadeIn&quot;,&quot;_animation_delay&quot;:1000}\" data-widget_type=\"testimonial.default\">\n\t\t\t\t<div class=\"elementor-widget-container\">\n\t\t\t\t\t\t\t<div class=\"elementor-testimonial-wrapper\">\n\t\t\t\t\t\t\t<div class=\"elementor-testimonial-content\">Lorem ipsum dolor sit amet, consectetur adipiscing elit. Ut elit tellus, luctus nec ullamcorper mattis, pulvinar dapibus leo. <\/div>\n\t\t\t\n\t\t\t\t\t\t<div class=\"elementor-testimonial-meta elementor-has-image elementor-testimonial-image-position-aside\">\n\t\t\t\t<div class=\"elementor-testimonial-meta-inner\">\n\t\t\t\t\t\t\t\t\t\t\t<div class=\"elementor-testimonial-image\">\n\t\t\t\t\t\t\t<img decoding=\"async\" width=\"128\" height=\"128\" src=\"https:\/\/northern-cyprus-property.com\/wp-content\/uploads\/2020\/02\/48.jpg\" class=\"attachment-full size-full wp-image-16843\" alt=\"\" srcset=\"\" \/>\t\t\t\t\t\t<\/div>\n\t\t\t\t\t\n\t\t\t\t\t\t\t\t\t\t<div class=\"elementor-testimonial-details\">\n\t\t\t\t\t\t\t\t\t\t\t\t\t\t<div class=\"elementor-testimonial-name\">Patricia Whatson<\/div>\n\t\t\t\t\t\t\t\t\t\t\t\t\t\t\t\t\t\t\t\t\t\t<div class=\"elementor-testimonial-job\">M\u00fclk sahibi<\/div>\n\t\t\t\t\t\t\t\t\t\t\t\t\t<\/div>\n\t\t\t\t\t\t\t\t\t<\/div>\n\t\t\t<\/div>\n\t\t\t\t\t<\/div>\n\t\t\t\t\t\t<\/div>\n\t\t\t\t<\/div>\n\t\t\t\t<div class=\"elementor-element elementor-element-8ef9b4a elementor-hidden-phone elementor-invisible elementor-widget elementor-widget-testimonial\" data-id=\"8ef9b4a\" data-element_type=\"widget\" data-e-type=\"widget\" data-settings=\"{&quot;_animation&quot;:&quot;fadeIn&quot;,&quot;_animation_delay&quot;:1000}\" data-widget_type=\"testimonial.default\">\n\t\t\t\t<div class=\"elementor-widget-container\">\n\t\t\t\t\t\t\t<div class=\"elementor-testimonial-wrapper\">\n\t\t\t\t\t\t\t<div class=\"elementor-testimonial-content\">Kuzey K\u0131br\u0131s'ta bir m\u00fclk sahibi olarak, kiralama y\u00f6netimi hizmetlerini \u015fiddetle tavsiye ediyorum. Kiralama y\u00f6netimi ve bak\u0131m alan\u0131ndaki uzmanl\u0131klar\u0131 paha bi\u00e7ilmezdi ve yat\u0131r\u0131mlar\u0131m\u0131n emin ellerde oldu\u011funu bilmenin huzurunu ya\u015famam\u0131 sa\u011flad\u0131.\" <\/div>\n\t\t\t\n\t\t\t\t\t\t<div class=\"elementor-testimonial-meta elementor-has-image elementor-testimonial-image-position-aside\">\n\t\t\t\t<div class=\"elementor-testimonial-meta-inner\">\n\t\t\t\t\t\t\t\t\t\t\t<div class=\"elementor-testimonial-image\">\n\t\t\t\t\t\t\t<img decoding=\"async\" width=\"128\" height=\"128\" src=\"https:\/\/northern-cyprus-property.com\/wp-content\/uploads\/2020\/02\/48.jpg\" class=\"attachment-full size-full wp-image-16843\" alt=\"\" srcset=\"\" \/>\t\t\t\t\t\t<\/div>\n\t\t\t\t\t\n\t\t\t\t\t\t\t\t\t\t<div class=\"elementor-testimonial-details\">\n\t\t\t\t\t\t\t\t\t\t\t\t\t\t<div class=\"elementor-testimonial-name\">Patricia Morris<\/div>\n\t\t\t\t\t\t\t\t\t\t\t\t\t\t\t\t\t\t\t\t\t\t<div class=\"elementor-testimonial-job\">M\u00fclk sahibi<\/div>\n\t\t\t\t\t\t\t\t\t\t\t\t\t<\/div>\n\t\t\t\t\t\t\t\t\t<\/div>\n\t\t\t<\/div>\n\t\t\t\t\t<\/div>\n\t\t\t\t\t\t<\/div>\n\t\t\t\t<\/div>\n\t\t\t\t\t<\/div>\n\t\t<\/div>\n\t\t\t\t<div class=\"elementor-column elementor-col-50 elementor-inner-column elementor-element elementor-element-6bbe9b6\" data-id=\"6bbe9b6\" data-element_type=\"column\" data-e-type=\"column\">\n\t\t\t<div class=\"elementor-widget-wrap elementor-element-populated\">\n\t\t\t\t\t\t<div class=\"elementor-element elementor-element-0f3c4b4 elementor-invisible elementor-widget elementor-widget-image\" data-id=\"0f3c4b4\" data-element_type=\"widget\" data-e-type=\"widget\" data-settings=\"{&quot;_animation&quot;:&quot;fadeIn&quot;,&quot;_animation_delay&quot;:400}\" data-widget_type=\"image.default\">\n\t\t\t\t<div class=\"elementor-widget-container\">\n\t\t\t\t\t\t\t\t\t\t\t\t\t\t\t<img decoding=\"async\" src=\"https:\/\/northern-cyprus-property.com\/wp-content\/uploads\/elementor\/thumbs\/Photo_6553654_DJI_54_jpg_8411957_0_2021821115338_photo_original-scaled-rj7g81va7uigacp6t4qmg3a3y1zera2gv03n6o9veo.jpg\" title=\"Kuzey K\u0131br\u0131s Emlak Foto\u011fraflar\u0131\" alt=\"Kuzey K\u0131br\u0131s Emlak Foto\u011fraflar\u0131\" loading=\"lazy\" \/>\t\t\t\t\t\t\t\t\t\t\t\t\t\t\t<\/div>\n\t\t\t\t<\/div>\n\t\t\t\t<div class=\"elementor-element elementor-element-e97a046 elementor-absolute elementor-hidden-phone elementor-invisible elementor-widget elementor-widget-image\" data-id=\"e97a046\" data-element_type=\"widget\" data-e-type=\"widget\" data-settings=\"{&quot;_position&quot;:&quot;absolute&quot;,&quot;_animation&quot;:&quot;fadeInDown&quot;,&quot;_animation_delay&quot;:600}\" data-widget_type=\"image.default\">\n\t\t\t\t<div class=\"elementor-widget-container\">\n\t\t\t\t\t\t\t\t\t\t\t\t\t\t\t<img decoding=\"async\" width=\"244\" height=\"155\" src=\"https:\/\/northern-cyprus-property.com\/wp-content\/uploads\/2021\/04\/Group-1708.png\" class=\"attachment-large size-large wp-image-59617\" alt=\"\" srcset=\"\" \/>\t\t\t\t\t\t\t\t\t\t\t\t\t\t\t<\/div>\n\t\t\t\t<\/div>\n\t\t\t\t\t<\/div>\n\t\t<\/div>\n\t\t\t\t\t<\/div>\n\t\t<\/section>\n\t\t\t\t\t<\/div>\n\t\t<\/div>\n\t\t\t\t\t<\/div>\n\t\t<\/section>\n\t\t\t\t<section class=\"elementor-section elementor-top-section elementor-element elementor-element-73e54ff elementor-section-boxed elementor-section-height-default elementor-section-height-default elementor-invisible\" data-id=\"73e54ff\" data-element_type=\"section\" data-e-type=\"section\" data-settings=\"{&quot;animation&quot;:&quot;fadeIn&quot;}\">\n\t\t\t\t\t\t<div class=\"elementor-container elementor-column-gap-default\">\n\t\t\t\t\t<div class=\"elementor-column elementor-col-100 elementor-top-column elementor-element elementor-element-7c18683\" data-id=\"7c18683\" data-element_type=\"column\" data-e-type=\"column\">\n\t\t\t<div class=\"elementor-widget-wrap elementor-element-populated\">\n\t\t\t\t\t\t<div class=\"elementor-element elementor-element-c2cdc72 elementor-widget elementor-widget-heading\" data-id=\"c2cdc72\" data-element_type=\"widget\" data-e-type=\"widget\" data-settings=\"{&quot;_animation&quot;:&quot;none&quot;}\" data-widget_type=\"heading.default\">\n\t\t\t\t<div class=\"elementor-widget-container\">\n\t\t\t\t\t<h2 class=\"elementor-heading-title elementor-size-default\"><b>M\u00fclk Y\u00f6netim Hizmetleri  <\/b><b>\n<\/b><\/h2>\t\t\t\t<\/div>\n\t\t\t\t<\/div>\n\t\t\t\t<div class=\"elementor-element elementor-element-3dcc990 elementor-widget elementor-widget-heading\" data-id=\"3dcc990\" data-element_type=\"widget\" data-e-type=\"widget\" data-widget_type=\"heading.default\">\n\t\t\t\t<div class=\"elementor-widget-container\">\n\t\t\t\t\t<h2 class=\"elementor-heading-title elementor-size-default\">Size nas\u0131l yard\u0131mc\u0131 olabiliriz<\/h2>\t\t\t\t<\/div>\n\t\t\t\t<\/div>\n\t\t\t\t<div class=\"elementor-element elementor-element-48d2270 elementor-widget elementor-widget-text-editor\" data-id=\"48d2270\" data-element_type=\"widget\" data-e-type=\"widget\" data-widget_type=\"text-editor.default\">\n\t\t\t\t<div class=\"elementor-widget-container\">\n\t\t\t\t\t\t\t\t\t<div class=\"markdown markdown-main-panel\" dir=\"ltr\"><ul data-sourcepos=\"7:1-9:10\"><li data-sourcepos=\"7:1-7:39\">Kira tahsilat\u0131 ve kirac\u0131 y\u00f6netimi<\/li><li data-sourcepos=\"8:1-8:34\">M\u00fclk bak\u0131m ve onar\u0131mlar\u0131<\/li><li data-sourcepos=\"9:1-9:10\">G\u00fcvenlik kontrolleri ve denetimleri<\/li><li data-sourcepos=\"10:1-11:0\">Hukuki ve vergi dan\u0131\u015fmanl\u0131\u011f\u0131 (m\u00fclk y\u00f6netimi ile ilgili)<\/li><\/ul><p data-sourcepos=\"14:1-14:41\">Kuzey K\u0131br\u0131s&#8217;ta 1 Numaral\u0131 M\u00fclk Y\u00f6netim Hizmetleri \u015eirketi. M\u00fclk y\u00f6netimi, pazarlama ve kiralamay\u0131 kapsayan anahtar teslim hizmet.  <\/p><\/div>\t\t\t\t\t\t\t\t<\/div>\n\t\t\t\t<\/div>\n\t\t\t\t\t<\/div>\n\t\t<\/div>\n\t\t\t\t\t<\/div>\n\t\t<\/section>\n\t\t\t\t<section class=\"elementor-section elementor-top-section elementor-element elementor-element-b7cac22 elementor-section-boxed elementor-section-height-default elementor-section-height-default elementor-invisible\" data-id=\"b7cac22\" data-element_type=\"section\" data-e-type=\"section\" data-settings=\"{&quot;background_background&quot;:&quot;classic&quot;,&quot;animation&quot;:&quot;fadeIn&quot;}\">\n\t\t\t\t\t\t<div class=\"elementor-container elementor-column-gap-default\">\n\t\t\t\t\t<div class=\"elementor-column elementor-col-100 elementor-top-column elementor-element elementor-element-c791559\" data-id=\"c791559\" data-element_type=\"column\" data-e-type=\"column\">\n\t\t\t<div class=\"elementor-widget-wrap elementor-element-populated\">\n\t\t\t\t\t\t<section class=\"elementor-section elementor-inner-section elementor-element elementor-element-1baec27 elementor-section-boxed elementor-section-height-default elementor-section-height-default\" data-id=\"1baec27\" data-element_type=\"section\" data-e-type=\"section\" data-settings=\"{&quot;background_background&quot;:&quot;classic&quot;}\">\n\t\t\t\t\t\t<div class=\"elementor-container elementor-column-gap-default\">\n\t\t\t\t\t<div class=\"elementor-column elementor-col-33 elementor-inner-column elementor-element elementor-element-0a4260a\" data-id=\"0a4260a\" data-element_type=\"column\" data-e-type=\"column\">\n\t\t\t<div class=\"elementor-widget-wrap elementor-element-populated\">\n\t\t\t\t\t\t<div class=\"elementor-element elementor-element-a9d41f8 elementor-widget elementor-widget-heading\" data-id=\"a9d41f8\" data-element_type=\"widget\" data-e-type=\"widget\" data-settings=\"{&quot;_animation&quot;:&quot;none&quot;}\" data-widget_type=\"heading.default\">\n\t\t\t\t<div class=\"elementor-widget-container\">\n\t\t\t\t\t<div class=\"elementor-heading-title elementor-size-default\">M\u00fclk De\u011ferlemesine mi \u0130htiyac\u0131n\u0131z Var?<\/div>\t\t\t\t<\/div>\n\t\t\t\t<\/div>\n\t\t\t\t<div class=\"elementor-element elementor-element-04468df elementor-widget elementor-widget-heading\" data-id=\"04468df\" data-element_type=\"widget\" data-e-type=\"widget\" data-settings=\"{&quot;_animation&quot;:&quot;none&quot;}\" data-widget_type=\"heading.default\">\n\t\t\t\t<div class=\"elementor-widget-container\">\n\t\t\t\t\t<h2 class=\"elementor-heading-title elementor-size-default\">Kuzey K\u0131br\u0131s'taki Evinizi mi Sat\u0131yorsunuz?  \n\n<\/h2>\t\t\t\t<\/div>\n\t\t\t\t<\/div>\n\t\t\t\t<div class=\"elementor-element elementor-element-c80b03c elementor-widget elementor-widget-heading\" data-id=\"c80b03c\" data-element_type=\"widget\" data-e-type=\"widget\" data-settings=\"{&quot;_animation&quot;:&quot;none&quot;}\" data-widget_type=\"heading.default\">\n\t\t\t\t<div class=\"elementor-widget-container\">\n\t\t\t\t\t<h2 class=\"elementor-heading-title elementor-size-default\">Yeniden Sat\u0131\u015f Uzmanlar\u0131na m\u0131 ihtiyac\u0131n\u0131z var?\n\n<\/h2>\t\t\t\t<\/div>\n\t\t\t\t<\/div>\n\t\t\t\t\t<\/div>\n\t\t<\/div>\n\t\t\t\t<div class=\"elementor-column elementor-col-33 elementor-inner-column elementor-element elementor-element-7ea3984\" data-id=\"7ea3984\" data-element_type=\"column\" data-e-type=\"column\">\n\t\t\t<div class=\"elementor-widget-wrap\">\n\t\t\t\t\t\t\t<\/div>\n\t\t<\/div>\n\t\t\t\t<div class=\"elementor-column elementor-col-33 elementor-inner-column elementor-element elementor-element-80e23d5\" data-id=\"80e23d5\" data-element_type=\"column\" data-e-type=\"column\">\n\t\t\t<div class=\"elementor-widget-wrap elementor-element-populated\">\n\t\t\t\t\t\t<div class=\"elementor-element elementor-element-df6b917 elementor-widget elementor-widget-text-editor\" data-id=\"df6b917\" data-element_type=\"widget\" data-e-type=\"widget\" data-widget_type=\"text-editor.default\">\n\t\t\t\t<div class=\"elementor-widget-container\">\n\t\t\t\t\t\t\t\t\t<p>Kuzey K\u0131br\u0131s&#8217;taki evinizi satmay\u0131 m\u0131 d\u00fc\u015f\u00fcn\u00fcyorsunuz?<\/p><p>Ba\u015fka yere bakmay\u0131n!<\/p><p>Yeniden sat\u0131\u015f m\u00fclkleri konusunda uzmanla\u015fm\u0131\u015f lider bir emlak acentesiyiz ve sat\u0131n almaya haz\u0131r istekli m\u00fc\u015fterilerden olu\u015fan bir a\u011fa sahibiz.<\/p>\t\t\t\t\t\t\t\t<\/div>\n\t\t\t\t<\/div>\n\t\t\t\t<div class=\"elementor-element elementor-element-f350a9b elementor-mobile-align-justify elementor-widget elementor-widget-button\" data-id=\"f350a9b\" data-element_type=\"widget\" data-e-type=\"widget\" data-widget_type=\"button.default\">\n\t\t\t\t<div class=\"elementor-widget-container\">\n\t\t\t\t\t\t\t\t\t<div class=\"elementor-button-wrapper\">\n\t\t\t\t\t<a class=\"elementor-button elementor-button-link elementor-size-md\" href=\"https:\/\/northern-cyprus-property.com\/tr\/iletisim\/\">\n\t\t\t\t\t\t<span class=\"elementor-button-content-wrapper\">\n\t\t\t\t\t\t\t\t\t<span class=\"elementor-button-text\">De\u011ferleme talep edin<\/span>\n\t\t\t\t\t<\/span>\n\t\t\t\t\t<\/a>\n\t\t\t\t<\/div>\n\t\t\t\t\t\t\t\t<\/div>\n\t\t\t\t<\/div>\n\t\t\t\t<div class=\"elementor-element elementor-element-709c844 elementor-absolute elementor-invisible elementor-widget elementor-widget-image\" data-id=\"709c844\" data-element_type=\"widget\" data-e-type=\"widget\" data-settings=\"{&quot;_position&quot;:&quot;absolute&quot;,&quot;_animation&quot;:&quot;fadeInRight&quot;,&quot;_animation_delay&quot;:300}\" data-widget_type=\"image.default\">\n\t\t\t\t<div class=\"elementor-widget-container\">\n\t\t\t\t\t\t\t\t\t\t\t\t\t\t\t<img decoding=\"async\" src=\"https:\/\/northern-cyprus-property.com\/wp-content\/uploads\/2021\/04\/agent-isolated-2.png\" title=\"ajan-izole-2\" alt=\"ajan-izole-2\" loading=\"lazy\" \/>\t\t\t\t\t\t\t\t\t\t\t\t\t\t\t<\/div>\n\t\t\t\t<\/div>\n\t\t\t\t\t<\/div>\n\t\t<\/div>\n\t\t\t\t\t<\/div>\n\t\t<\/section>\n\t\t\t\t\t<\/div>\n\t\t<\/div>\n\t\t\t\t\t<\/div>\n\t\t<\/section>\n\t\t\t\t<\/div>\n\t\t","protected":false},"excerpt":{"rendered":"<p>M\u00fclk y\u00f6netiminde 1 numara Kuzey K\u0131br\u0131s&#8217;\u0131n liderleri Kuzey K\u0131br\u0131s&#8217;ta uzman m\u00fclk y\u00f6netimi hizmetleri i\u00e7in, t\u00fcm ihtiya\u00e7lar\u0131n\u0131z\u0131 hassasiyet ve \u00f6zenle kar\u015f\u0131layacak ekibimize g\u00fcvenin. M\u00fclk yat\u0131r\u0131mlar\u0131n\u0131z\u0131n de\u011ferini ve verimlili\u011fini en \u00fcst d\u00fczeye \u00e7\u0131karmak i\u00e7in \u00f6zel olarak tasarlanm\u0131\u015f kapsaml\u0131 \u00e7\u00f6z\u00fcmler sunma konusunda uzman\u0131z. \u0130ster kiralama y\u00f6netimi, bak\u0131m hizmetleri, AIRBNB kiralama veya tatil ama\u00e7l\u0131 kiralama ar\u0131yor olun, \u00f6zel profesyonellerimiz [&hellip;]<\/p>\n","protected":false},"author":1,"featured_media":0,"parent":0,"menu_order":0,"comment_status":"closed","ping_status":"closed","template":"elementor_header_footer","meta":{"footnotes":""},"class_list":["post-71004","page","type-page","status-publish","hentry"],"_links":{"self":[{"href":"https:\/\/northern-cyprus-property.com\/tr\/wp-json\/wp\/v2\/pages\/71004","targetHints":{"allow":["GET"]}}],"collection":[{"href":"https:\/\/northern-cyprus-property.com\/tr\/wp-json\/wp\/v2\/pages"}],"about":[{"href":"https:\/\/northern-cyprus-property.com\/tr\/wp-json\/wp\/v2\/types\/page"}],"author":[{"embeddable":true,"href":"https:\/\/northern-cyprus-property.com\/tr\/wp-json\/wp\/v2\/users\/1"}],"replies":[{"embeddable":true,"href":"https:\/\/northern-cyprus-property.com\/tr\/wp-json\/wp\/v2\/comments?post=71004"}],"version-history":[{"count":3,"href":"https:\/\/northern-cyprus-property.com\/tr\/wp-json\/wp\/v2\/pages\/71004\/revisions"}],"predecessor-version":[{"id":112478,"href":"https:\/\/northern-cyprus-property.com\/tr\/wp-json\/wp\/v2\/pages\/71004\/revisions\/112478"}],"wp:attachment":[{"href":"https:\/\/northern-cyprus-property.com\/tr\/wp-json\/wp\/v2\/media?parent=71004"}],"curies":[{"name":"wp","href":"https:\/\/api.w.org\/{rel}","templated":true}]}}