{"id":70843,"date":"2024-11-03T11:59:26","date_gmt":"2024-11-03T11:59:26","guid":{"rendered":"https:\/\/northern-cyprus-property.com\/kuzey-kibrista-satilik-123-yatak-odali-daireler\/"},"modified":"2024-11-06T11:49:12","modified_gmt":"2024-11-06T11:49:12","slug":"kuzey-kibrista-satilik-123-yatak-odali-daireler","status":"publish","type":"page","link":"https:\/\/northern-cyprus-property.com\/tr\/kuzey-kibrista-satilik-123-yatak-odali-daireler\/","title":{"rendered":"Kuzey K\u0131br\u0131s&#8217;ta Sat\u0131l\u0131k 1,2,3 Yatak Odal\u0131 Daireler"},"content":{"rendered":"\n<p>L\u00fcks villalardan Girne, Esentepe, \u0130skele&#8217;deki sahil evlerine ve ta\u015f evlere kadar Kuzey K\u0131br\u0131s&#8217;ta sat\u0131l\u0131k en iyi m\u00fclkleri ke\u015ffedin. Hayalinizdeki evi bulmak i\u00e7in en iyi acentelerle ba\u011flant\u0131 kurun ve en son listeleri ke\u015ffedin! <\/p>\n","protected":false},"excerpt":{"rendered":"<p>L\u00fcks villalardan Girne, Esentepe, \u0130skele&#8217;deki sahil evlerine ve ta\u015f evlere kadar Kuzey K\u0131br\u0131s&#8217;ta sat\u0131l\u0131k en iyi m\u00fclkleri ke\u015ffedin. Hayalinizdeki evi bulmak i\u00e7in en iyi acentelerle ba\u011flant\u0131 kurun ve en son listeleri ke\u015ffedin!<\/p>\n","protected":false},"author":1,"featured_media":0,"parent":0,"menu_order":0,"comment_status":"closed","ping_status":"closed","template":"template\/template-listing-grid-v6-fullwidth-3cols.php","meta":{"footnotes":""},"class_list":["post-70843","page","type-page","status-publish","hentry"],"_links":{"self":[{"href":"https:\/\/northern-cyprus-property.com\/tr\/wp-json\/wp\/v2\/pages\/70843","targetHints":{"allow":["GET"]}}],"collection":[{"href":"https:\/\/northern-cyprus-property.com\/tr\/wp-json\/wp\/v2\/pages"}],"about":[{"href":"https:\/\/northern-cyprus-property.com\/tr\/wp-json\/wp\/v2\/types\/page"}],"author":[{"embeddable":true,"href":"https:\/\/northern-cyprus-property.com\/tr\/wp-json\/wp\/v2\/users\/1"}],"replies":[{"embeddable":true,"href":"https:\/\/northern-cyprus-property.com\/tr\/wp-json\/wp\/v2\/comments?post=70843"}],"version-history":[{"count":0,"href":"https:\/\/northern-cyprus-property.com\/tr\/wp-json\/wp\/v2\/pages\/70843\/revisions"}],"wp:attachment":[{"href":"https:\/\/northern-cyprus-property.com\/tr\/wp-json\/wp\/v2\/media?parent=70843"}],"curies":[{"name":"wp","href":"https:\/\/api.w.org\/{rel}","templated":true}]}}