{"id":117462,"date":"2026-03-29T07:03:15","date_gmt":"2026-03-29T07:03:15","guid":{"rendered":"https:\/\/northern-cyprus-property.com\/sifre-sifirlama\/"},"modified":"2026-03-29T07:03:15","modified_gmt":"2026-03-29T07:03:15","slug":"sifre-sifirlama","status":"publish","type":"page","link":"https:\/\/northern-cyprus-property.com\/tr\/sifre-sifirlama\/","title":{"rendered":"\u015eifre S\u0131f\u0131rlama"},"content":{"rendered":"","protected":false},"excerpt":{"rendered":"","protected":false},"author":1,"featured_media":0,"parent":0,"menu_order":0,"comment_status":"closed","ping_status":"closed","template":"template\/reset_password.php","meta":{"footnotes":""},"class_list":["post-117462","page","type-page","status-publish","hentry"],"_links":{"self":[{"href":"https:\/\/northern-cyprus-property.com\/tr\/wp-json\/wp\/v2\/pages\/117462","targetHints":{"allow":["GET"]}}],"collection":[{"href":"https:\/\/northern-cyprus-property.com\/tr\/wp-json\/wp\/v2\/pages"}],"about":[{"href":"https:\/\/northern-cyprus-property.com\/tr\/wp-json\/wp\/v2\/types\/page"}],"author":[{"embeddable":true,"href":"https:\/\/northern-cyprus-property.com\/tr\/wp-json\/wp\/v2\/users\/1"}],"replies":[{"embeddable":true,"href":"https:\/\/northern-cyprus-property.com\/tr\/wp-json\/wp\/v2\/comments?post=117462"}],"version-history":[{"count":0,"href":"https:\/\/northern-cyprus-property.com\/tr\/wp-json\/wp\/v2\/pages\/117462\/revisions"}],"wp:attachment":[{"href":"https:\/\/northern-cyprus-property.com\/tr\/wp-json\/wp\/v2\/media?parent=117462"}],"curies":[{"name":"wp","href":"https:\/\/api.w.org\/{rel}","templated":true}]}}