{"id":70959,"date":"2024-11-02T16:04:42","date_gmt":"2024-11-02T16:04:42","guid":{"rendered":"https:\/\/northern-cyprus-property.com\/guzelyurt-immobilien-zu-verkaufen\/"},"modified":"2025-01-27T14:46:22","modified_gmt":"2025-01-27T14:46:22","slug":"guzelyurt-immobilien-zu-verkaufen","status":"publish","type":"page","link":"https:\/\/northern-cyprus-property.com\/de\/guzelyurt-immobilien-zu-verkaufen\/","title":{"rendered":"Guzelyurt Immobilien zu verkaufen"},"content":{"rendered":"\t\t<div data-elementor-type=\"wp-page\" data-elementor-id=\"70959\" class=\"elementor elementor-70959 elementor-58993\">\n\t\t\t\t\t\t<section class=\"elementor-section elementor-top-section elementor-element elementor-element-38d8e7e2 elementor-section-boxed elementor-section-height-default elementor-section-height-default elementor-invisible\" data-id=\"38d8e7e2\" data-element_type=\"section\" data-e-type=\"section\" data-settings=\"{&quot;animation&quot;:&quot;fadeIn&quot;}\">\n\t\t\t\t\t\t<div class=\"elementor-container elementor-column-gap-default\">\n\t\t\t\t\t<div class=\"elementor-column elementor-col-100 elementor-top-column elementor-element elementor-element-db4c20c\" data-id=\"db4c20c\" data-element_type=\"column\" data-e-type=\"column\">\n\t\t\t<div class=\"elementor-widget-wrap elementor-element-populated\">\n\t\t\t\t\t\t<div class=\"elementor-element elementor-element-7c26b9ad elementor-widget elementor-widget-houzez_elementor_space\" data-id=\"7c26b9ad\" data-element_type=\"widget\" data-e-type=\"widget\" data-widget_type=\"houzez_elementor_space.default\">\n\t\t\t\t<div class=\"elementor-widget-container\">\n\t\t\t\t\t        <div class=\"houzez-spacer\">\n            <div class=\"houzez-spacer-inner\"><\/div>\n        <\/div>\n        \t\t\t\t<\/div>\n\t\t\t\t<\/div>\n\t\t\t\t<div class=\"elementor-element elementor-element-706b881 elementor-widget elementor-widget-houzez_elementor_page_title\" data-id=\"706b881\" data-element_type=\"widget\" data-e-type=\"widget\" data-widget_type=\"houzez_elementor_page_title.default\">\n\t\t\t\t<div class=\"elementor-widget-container\">\n\t\t\t\t\t\n<div class=\"breadcrumb-wrap\" role=\"navigation\">\n\t<nav>\n\t\t<ol class=\"breadcrumb\"><li class=\"breadcrumb-item breadcrumb-item-home\"><i class=\"houzez-icon icon-house\"><\/i><a href=\"https:\/\/northern-cyprus-property.com\/de\/\/\">Zuhause<\/a><\/li><li class=\"breadcrumb-item active\">Seiten<\/li><\/ol>\t<\/nav>\n<\/div><!-- breadcrumb-wrap --> \n        <div class=\"d-flex align-items-center\">\n            <div class=\"page-title flex-grow-1\" role=\"heading\" aria-level=\"1\">\n\t<h1>Guzelyurt Immobilien zu verkaufen<\/h1>\n<\/div><!-- page-title -->\n \n        <\/div><!-- d-flex -->  \n        \t\t\t\t<\/div>\n\t\t\t\t<\/div>\n\t\t\t\t<div class=\"elementor-element elementor-element-cedf9e1 elementor-widget elementor-widget-text-editor\" data-id=\"cedf9e1\" data-element_type=\"widget\" data-e-type=\"widget\" data-widget_type=\"text-editor.default\">\n\t\t\t\t<div class=\"elementor-widget-container\">\n\t\t\t\t\t\t\t\t\t<p>Immobilien zu verkaufen in Guzelyurt, Nordzypern. Finden Sie Ihre perfekten H\u00e4user in \u00dcbersee. Entdecken Sie die besten Immobilien zum Verkauf in Nordzypern, von Luxusvillen bis zu H\u00e4usern am Strand und Steinh\u00e4usern in Guzelyurt, Esentepe, Iskele und mehr.    <\/p>\n\t\t\t\t\t\t\t\t<\/div>\n\t\t\t\t<\/div>\n\t\t\t\t\t<\/div>\n\t\t<\/div>\n\t\t\t\t\t<\/div>\n\t\t<\/section>\n\t\t\t\t<section class=\"elementor-section elementor-top-section elementor-element elementor-element-2c09295a elementor-section-boxed elementor-section-height-default elementor-section-height-default\" data-id=\"2c09295a\" data-element_type=\"section\" data-e-type=\"section\">\n\t\t\t\t\t\t<div class=\"elementor-container elementor-column-gap-default\">\n\t\t\t\t\t<div class=\"elementor-column elementor-col-100 elementor-top-column elementor-element elementor-element-511b631a\" data-id=\"511b631a\" data-element_type=\"column\" data-e-type=\"column\">\n\t\t\t<div class=\"elementor-widget-wrap elementor-element-populated\">\n\t\t\t\t\t\t<div class=\"elementor-element elementor-element-3467b862 elementor-widget elementor-widget-houzez_elementor_property-card-v6\" data-id=\"3467b862\" data-element_type=\"widget\" data-e-type=\"widget\" data-widget_type=\"houzez_elementor_property-card-v6.default\">\n\t\t\t\t<div class=\"elementor-widget-container\">\n\t\t\t\t\t    <div id=\"properties_module_section\" class=\"property-cards-module property-cards-module-v6 property-cards-module-col-3\">\n        <div id=\"module_properties\" class=\"listing-view grid-view row row-cols-1 row-cols-md-2 row-cols-lg-3 gy-4 gx-4\">\n            <div class=\"p-4 bg-white\">\n\t<p class=\"text-center my-4 fs-5\">No listing found.<\/p>\n<\/div>        <\/div><!-- listing-view -->\n\n            <\/div><!-- property-grid-module -->\n    \t\t\t\t<\/div>\n\t\t\t\t<\/div>\n\t\t\t\t\t<\/div>\n\t\t<\/div>\n\t\t\t\t\t<\/div>\n\t\t<\/section>\n\t\t\t\t<\/div>\n\t\t","protected":false},"excerpt":{"rendered":"<p>Home Properties Land for sale in Kumyali, SE247 Immobilien zu verkaufen in Guzelyurt, Nordzypern. Finden Sie Ihre perfekten H\u00e4user in \u00dcbersee. Entdecken Sie die besten Immobilien zum Verkauf in Nordzypern, von Luxusvillen bis zu H\u00e4usern am Strand und Steinh\u00e4usern in Guzelyurt, Esentepe, Iskele und mehr. No listing found.<\/p>\n","protected":false},"author":1,"featured_media":0,"parent":0,"menu_order":0,"comment_status":"closed","ping_status":"closed","template":"elementor_header_footer","meta":{"footnotes":""},"class_list":["post-70959","page","type-page","status-publish","hentry"],"_links":{"self":[{"href":"https:\/\/northern-cyprus-property.com\/de\/wp-json\/wp\/v2\/pages\/70959","targetHints":{"allow":["GET"]}}],"collection":[{"href":"https:\/\/northern-cyprus-property.com\/de\/wp-json\/wp\/v2\/pages"}],"about":[{"href":"https:\/\/northern-cyprus-property.com\/de\/wp-json\/wp\/v2\/types\/page"}],"author":[{"embeddable":true,"href":"https:\/\/northern-cyprus-property.com\/de\/wp-json\/wp\/v2\/users\/1"}],"replies":[{"embeddable":true,"href":"https:\/\/northern-cyprus-property.com\/de\/wp-json\/wp\/v2\/comments?post=70959"}],"version-history":[{"count":0,"href":"https:\/\/northern-cyprus-property.com\/de\/wp-json\/wp\/v2\/pages\/70959\/revisions"}],"wp:attachment":[{"href":"https:\/\/northern-cyprus-property.com\/de\/wp-json\/wp\/v2\/media?parent=70959"}],"curies":[{"name":"wp","href":"https:\/\/api.w.org\/{rel}","templated":true}]}}